{"id":2,"date":"2021-01-03T12:52:19","date_gmt":"2021-01-03T12:52:19","guid":{"rendered":"https:\/\/www.konstantinova.lv\/?page_id=2"},"modified":"2023-08-16T06:45:28","modified_gmt":"2023-08-16T06:45:28","slug":"sample-page","status":"publish","type":"page","link":"https:\/\/www.konstantinova.lv\/","title":{"rendered":"Par mums"},"content":{"rendered":"<p>Konstantinovas \u0122imenes \u0101rsta prakse atrodas Skr\u012bveros. Prakse tika p\u0101r\u0146emta no Dr. Dagm\u0101ras Egl\u012btes, kura nol\u0113ma pabeigt savu darbu un nodot praksi jaunam speci\u0101listam, un doties peln\u012bt\u0101 atva\u013cin\u0101jum\u0101.<\/p>\n<p>&nbsp;<\/p>\n<p><strong>M\u016bsu darbinieki:<\/strong><\/p>\n<p>Sertific\u0113ts \u0123imenes \u0101rsts Ksenija Konstantinova<\/p>\n<p>Sertific\u0113ti \u0101rsta pal\u012bgi Ludmila Bankevica un Aivija Bankevica<\/p>\n<p>&nbsp;<\/p>\n","protected":false},"excerpt":{"rendered":"<p>Konstantinovas \u0122imenes \u0101rsta prakse atrodas Skr\u012bveros. Prakse tika p\u0101r\u0146emta no Dr. Dagm\u0101ras Egl\u012btes, kura nol\u0113ma pabeigt savu darbu un nodot praksi jaunam speci\u0101listam, un doties peln\u012bt\u0101 atva\u013cin\u0101jum\u0101. &nbsp; M\u016bsu darbinieki: Sertific\u0113ts \u0123imenes \u0101rsts Ksenija Konstantinova Sertific\u0113ti \u0101rsta pal\u012bgi Ludmila Bankevica un Aivija Bankevica &nbsp;<\/p>\n","protected":false},"author":1,"featured_media":0,"parent":0,"menu_order":0,"comment_status":"closed","ping_status":"closed","template":"","meta":{"footnotes":""},"class_list":["post-2","page","type-page","status-publish","hentry"],"_links":{"self":[{"href":"https:\/\/www.konstantinova.lv\/index.php?rest_route=\/wp\/v2\/pages\/2","targetHints":{"allow":["GET"]}}],"collection":[{"href":"https:\/\/www.konstantinova.lv\/index.php?rest_route=\/wp\/v2\/pages"}],"about":[{"href":"https:\/\/www.konstantinova.lv\/index.php?rest_route=\/wp\/v2\/types\/page"}],"author":[{"embeddable":true,"href":"https:\/\/www.konstantinova.lv\/index.php?rest_route=\/wp\/v2\/users\/1"}],"replies":[{"embeddable":true,"href":"https:\/\/www.konstantinova.lv\/index.php?rest_route=%2Fwp%2Fv2%2Fcomments&post=2"}],"version-history":[{"count":0,"href":"https:\/\/www.konstantinova.lv\/index.php?rest_route=\/wp\/v2\/pages\/2\/revisions"}],"wp:attachment":[{"href":"https:\/\/www.konstantinova.lv\/index.php?rest_route=%2Fwp%2Fv2%2Fmedia&parent=2"}],"curies":[{"name":"wp","href":"https:\/\/api.w.org\/{rel}","templated":true}]}}