{"id":24,"date":"2021-01-19T05:51:56","date_gmt":"2021-01-19T05:51:56","guid":{"rendered":"https:\/\/www.konstantinova.lv\/?page_id=24"},"modified":"2023-08-16T06:59:36","modified_gmt":"2023-08-16T06:59:36","slug":"skriveri","status":"publish","type":"page","link":"https:\/\/www.konstantinova.lv\/?page_id=24","title":{"rendered":"Skr\u012bveri"},"content":{"rendered":"<table style=\"width: 80.7917%;\">\n<tbody>\n<tr>\n<td style=\"width: 19.1729%;\" width=\"97\"><strong>\u00a0<\/strong><\/td>\n<td style=\"width: 17.3383%; text-align: center;\" width=\"137\"><strong>\u0100rsta prakses darba laiki<\/strong><\/td>\n<td style=\"width: 19.5466%; text-align: center;\" width=\"142\"><strong>\u0122imenes \u0101rsta pie\u0146em\u0161anas darba laiki<\/strong><\/td>\n<td style=\"width: 81.5054%; text-align: center;\" width=\"132\"><strong>\u0100rsta pal\u012bgu pie\u0146em\u0161anas darba laiki<\/strong><\/td>\n<\/tr>\n<tr>\n<td style=\"width: 19.1729%;\" width=\"97\"><strong>Pirmdien<\/strong><\/td>\n<td style=\"width: 17.3383%; text-align: center;\" width=\"137\">8:00 \u2013 17:00<\/td>\n<td style=\"width: 19.5466%; text-align: center;\" width=\"142\">8:30 &#8211; 14:00<\/td>\n<td style=\"width: 81.5054%; text-align: center;\" width=\"132\">8:00 \u2013 10:00 Ludmila Bankevica<\/p>\n<p>12:00 &#8211; 15:00 Aivija Bankecica<\/td>\n<\/tr>\n<tr>\n<td style=\"width: 19.1729%;\" width=\"97\"><strong>Otrdiena<\/strong><\/td>\n<td style=\"width: 17.3383%; text-align: center;\" width=\"137\">11:00 \u2013 19:00<\/td>\n<td style=\"width: 19.5466%; text-align: center;\" width=\"142\">12:00 \u2013 19:00<\/td>\n<td style=\"width: 81.5054%; text-align: center;\" width=\"132\">11:00 &#8211; 14:00 Aivija Bankecica<\/p>\n<p>14:00 \u2013 16:00 Ludmila Bankevica<\/td>\n<\/tr>\n<tr>\n<td style=\"width: 19.1729%;\" width=\"97\"><strong>Tre\u0161diena<\/strong><\/td>\n<td style=\"width: 17.3383%; text-align: center;\" width=\"137\">8:00 \u2013 16:00<\/td>\n<td style=\"width: 19.5466%; text-align: center;\" width=\"142\">8:30 &#8211; 14:00<\/td>\n<td style=\"width: 81.5054%; text-align: center;\" width=\"132\">12:00 \u2013 15:00 Ludmila Bankevica<\/td>\n<\/tr>\n<tr>\n<td style=\"width: 19.1729%;\" width=\"97\"><strong>Ceturtdiena<\/strong><\/td>\n<td style=\"width: 17.3383%; text-align: center;\" width=\"137\">8:00 \u2013 16:00<\/td>\n<td style=\"width: 19.5466%; text-align: center;\" width=\"142\">9:00 &#8211; 14:00<\/td>\n<td style=\"width: 81.5054%; text-align: center;\" width=\"132\">12:00 &#8211; 14:00 Aivija Bankecica<\/td>\n<\/tr>\n<tr>\n<td style=\"width: 19.1729%;\" width=\"97\"><strong>Piektdiena<\/strong><\/td>\n<td style=\"width: 17.3383%; text-align: center;\" width=\"137\">8:00 \u2013 16:00<\/td>\n<td style=\"width: 19.5466%; text-align: center;\" width=\"142\">9:00 &#8211; 14:00<\/td>\n<td style=\"width: 81.5054%; text-align: center;\" width=\"132\">08:00 &#8211; 10:00 Aivija Bankecica<\/p>\n<p>12:00 \u2013 15:00 Ludmila Bankevica<\/td>\n<\/tr>\n<\/tbody>\n<\/table>\n<p>&nbsp;<\/p>\n","protected":false},"excerpt":{"rendered":"<p>\u00a0 \u0100rsta prakses darba laiki \u0122imenes \u0101rsta pie\u0146em\u0161anas darba laiki \u0100rsta pal\u012bgu pie\u0146em\u0161anas darba laiki Pirmdien 8:00 \u2013 17:00 8:30 &#8211; 14:00 8:00 \u2013 10:00 Ludmila Bankevica 12:00 &#8211; 15:00 Aivija Bankecica Otrdiena 11:00 \u2013 19:00 12:00 \u2013 19:00 11:00 &#8211; 14:00 Aivija Bankecica 14:00 \u2013 16:00 Ludmila Bankevica Tre\u0161diena 8:00 \u2013 16:00 8:30 &#8211; [&hellip;]<\/p>\n","protected":false},"author":1,"featured_media":0,"parent":0,"menu_order":0,"comment_status":"closed","ping_status":"closed","template":"","meta":{"footnotes":""},"class_list":["post-24","page","type-page","status-publish","hentry"],"_links":{"self":[{"href":"https:\/\/www.konstantinova.lv\/index.php?rest_route=\/wp\/v2\/pages\/24","targetHints":{"allow":["GET"]}}],"collection":[{"href":"https:\/\/www.konstantinova.lv\/index.php?rest_route=\/wp\/v2\/pages"}],"about":[{"href":"https:\/\/www.konstantinova.lv\/index.php?rest_route=\/wp\/v2\/types\/page"}],"author":[{"embeddable":true,"href":"https:\/\/www.konstantinova.lv\/index.php?rest_route=\/wp\/v2\/users\/1"}],"replies":[{"embeddable":true,"href":"https:\/\/www.konstantinova.lv\/index.php?rest_route=%2Fwp%2Fv2%2Fcomments&post=24"}],"version-history":[{"count":0,"href":"https:\/\/www.konstantinova.lv\/index.php?rest_route=\/wp\/v2\/pages\/24\/revisions"}],"wp:attachment":[{"href":"https:\/\/www.konstantinova.lv\/index.php?rest_route=%2Fwp%2Fv2%2Fmedia&parent=24"}],"curies":[{"name":"wp","href":"https:\/\/api.w.org\/{rel}","templated":true}]}}