{"id":26,"date":"2021-01-19T05:52:23","date_gmt":"2021-01-19T05:52:23","guid":{"rendered":"https:\/\/www.konstantinova.lv\/?page_id=26"},"modified":"2023-11-03T10:18:59","modified_gmt":"2023-11-03T10:18:59","slug":"kontakti","status":"publish","type":"page","link":"https:\/\/www.konstantinova.lv\/?page_id=26","title":{"rendered":"Kontakti"},"content":{"rendered":"<table style=\"border-collapse: collapse; width: 100%; height: 185px;\">\n<tbody>\n<tr>\n<td style=\"width: 2.28065%;\"><\/td>\n<td style=\"width: 42.0702%;\">\n<h3>Skr\u012bveri<\/h3>\n<p>Daugavas iela 88 A, Skr\u012bveri, Skr\u012bveru nov., LV-5125<\/p>\n<p>e-pasts: skriveri@konstantinova.lv<\/p>\n<p>Tel. 65197868, 29623633<\/td>\n<td style=\"width: 55.6491%;\">\n<h3>Rekviz\u012bti:<\/h3>\n<p>SIA &#8220;K. Konstantinovas \u0122imenes \u0101rsta prakse&#8221;<\/p>\n<p>Re\u0123istr\u0101cijas Nr.: 40203275016<\/p>\n<p>\u0100rstniec\u012bbas iest\u0101des kods: 740200102<\/td>\n<\/tr>\n<\/tbody>\n<\/table>\n<p>&nbsp;<\/p>\n<p>&nbsp;<\/p>\n<p>&nbsp;<\/p>\n<p>&nbsp;<\/p>\n<p>&nbsp;<\/p>\n","protected":false},"excerpt":{"rendered":"<p>Skr\u012bveri Daugavas iela 88 A, Skr\u012bveri, Skr\u012bveru nov., LV-5125 e-pasts: skriveri@konstantinova.lv Tel. 65197868, 29623633 Rekviz\u012bti: SIA &#8220;K. Konstantinovas \u0122imenes \u0101rsta prakse&#8221; Re\u0123istr\u0101cijas Nr.: 40203275016 \u0100rstniec\u012bbas iest\u0101des kods: 740200102 &nbsp; &nbsp; &nbsp; &nbsp; &nbsp;<\/p>\n","protected":false},"author":1,"featured_media":0,"parent":0,"menu_order":0,"comment_status":"closed","ping_status":"closed","template":"","meta":{"footnotes":""},"class_list":["post-26","page","type-page","status-publish","hentry"],"_links":{"self":[{"href":"https:\/\/www.konstantinova.lv\/index.php?rest_route=\/wp\/v2\/pages\/26","targetHints":{"allow":["GET"]}}],"collection":[{"href":"https:\/\/www.konstantinova.lv\/index.php?rest_route=\/wp\/v2\/pages"}],"about":[{"href":"https:\/\/www.konstantinova.lv\/index.php?rest_route=\/wp\/v2\/types\/page"}],"author":[{"embeddable":true,"href":"https:\/\/www.konstantinova.lv\/index.php?rest_route=\/wp\/v2\/users\/1"}],"replies":[{"embeddable":true,"href":"https:\/\/www.konstantinova.lv\/index.php?rest_route=%2Fwp%2Fv2%2Fcomments&post=26"}],"version-history":[{"count":0,"href":"https:\/\/www.konstantinova.lv\/index.php?rest_route=\/wp\/v2\/pages\/26\/revisions"}],"wp:attachment":[{"href":"https:\/\/www.konstantinova.lv\/index.php?rest_route=%2Fwp%2Fv2%2Fmedia&parent=26"}],"curies":[{"name":"wp","href":"https:\/\/api.w.org\/{rel}","templated":true}]}}